{"id":1988,"date":"2025-09-17T07:36:57","date_gmt":"2025-09-17T07:36:57","guid":{"rendered":"https:\/\/sn.travelblox.eu\/?page_id=1988"},"modified":"2026-03-30T09:49:53","modified_gmt":"2026-03-30T09:49:53","slug":"a-propos","status":"publish","type":"page","link":"https:\/\/sn.staging.travelblox.eu\/fr\/a-propos\/","title":{"rendered":"About Scotland Nomads"},"content":{"rendered":"\n<div class=\" tb-header tb-block align-center background-dark pattern-none variant-none\" id=\"header\" data-fallback-background=\"https:\/\/sn.staging.travelblox.eu\/wp-content\/uploads\/sites\/40\/2025\/11\/SN26-Images-15.jpg\" style=\"background-image: url('https:\/\/sn.staging.travelblox.eu\/wp-content\/uploads\/sites\/40\/2025\/11\/SN26-Images-15.jpg'); background-position:;\">\n    <div class=\"tb-header-foreground\">\n        <div class=\"inner-block\">\n\n            <div class=\"main-part\">\n                <div class=\"text-part\">\n                                                                <h1 class=\"tb-title\">\u00c0 propos<\/h1>\n                                                                                                                                                                        <div class=\"average-reviews-wrapper\" data-reviews-redirect-url=\"\" data-embed-social-id=\"b0ff53b6da69c89beca10ef7bb76aa0ece1708fa\"><\/div>\n                                    <\/div>\n            <\/div>\n            \n                    <\/div>\n    <\/div>\n\n    \n    \n        <nav class=\"tb-header__subnav\">\n            <div class=\"inner-block\">\n                <div class=\"tb-header__pagename\">\n                    About Scotland Nomads                <\/div>\n\n                <ul>\n                                            <li>\n                            <a href=\"#canada\">Le road trip<\/a>\n                        <\/li>\n\n                                            <li>\n                            <a href=\"#team\">L&rsquo;\u00e9quipe<\/a>\n                        <\/li>\n\n                                            <li>\n                            <a href=\"#reviews\">Les avis<\/a>\n                        <\/li>\n\n                    \n                                                <li class=\"tb-header__subnav_cta\">\n                                <a href=\"https:\/\/canadanomads.com\/fr\/#join\" class=\"tb-button\" >R\u00e9server le road trip<\/a>\n                            <\/li>\n                                    <\/ul>\n            <\/div>\n        <\/nav>\n\n    \n<\/div>\n\n\n<div class=\" tb-leadtext tb-block align-center background-light pattern-default variant-none tb-collapsible-margins\" id=\"leadtext\">\n\t<div class=\"inner-block tb-fade-in tb-fade-in--subtle\">\n\t\t<div class=\"text-part\">\n\t\t\t\t\t<div class=\"translation-block\"><p>Scotland Nomads fait partie de la famille <a href=\"https:\/\/travelbase.fr\/\" target=\"_blank\" rel=\"noopener\"><strong>Travelbase<\/strong><\/a>, sp\u00e9cialiste des voyages uniques \u00e0 travers le monde. Depuis 2010, nous cr\u00e9ons des aventures cl\u00e9 en main qui allient libert\u00e9, nature et d\u00e9couverte authentique.<\/p>\n<p><strong>Notre mission ?<\/strong> Rendre l&rsquo;aventure accessible \u00e0 tous. Nous savons qu&rsquo;organiser un road trip en Ecosse peut sembler complexe : trouver les meilleurs campings, tracer l&rsquo;itin\u00e9raire id\u00e9al, r\u00e9server les activit\u00e9s au meilleur prix, rep\u00e9rer les spots incontournables&#8230; C&rsquo;est exactement l\u00e0 qu&rsquo;on intervient.<\/p>\n<p>Nous parcourons nous-m\u00eames chaque kilom\u00e8tre de nos itin\u00e9raires. Nous testons les campings, n\u00e9gocions les tarifs, identifions les meilleurs moments pour visiter chaque site. R\u00e9sultat ? <strong>Un<\/strong> <strong>road trip parfaitement organis\u00e9<\/strong> o\u00f9 vous n&rsquo;avez qu&rsquo;\u00e0 conduire et profiter.<\/p>\n<p>Vous voyagez en autonomie totale, \u00e0 votre rythme, mais avec la s\u00e9curit\u00e9 d&rsquo;un itin\u00e9raire \u00e9prouv\u00e9 et le soutien de l&rsquo;\u00e9quipe en cas de besoin.<\/p><\/div>\n\t\t\t<\/div>\n\t<\/div>\n<\/div>\n\n\n\n<div class=\" tb-textimage2 tb-block align-left background-light pattern-none variant-text_first tb-collapsible-margins\" id=\"canada\">\n\t<div class=\"inner-block tb-fade-in\">\n\n\t\t\n\t\t<div class=\"tb-columns\">\n\t\t\t<div class=\"tb-column\">\n\t\t\t\t<div class=\"tb-text-part\">\n\t\t\t\t\t<h2>Pourquoi l&rsquo;\u00e9cosse ?<\/h2>\n\t\t\t\t\t\t\t<div class=\"translation-block\"><p>Scotland Nomads est une aventure inoubliable de <a href=\"https:\/\/scotlandnomads.com\/fr\/\">7 jours<\/a>, soigneusement \u00e9labor\u00e9e par&nbsp;<strong>une \u00e9quipe de voyageurs, d\u2019aventuriers et de locaux passionn\u00e9s<\/strong>&nbsp;qui ont tous une chose en commun : un amour ind\u00e9niable pour l\u2019\u00c9cosse. Nous avons mis en commun notre exp\u00e9rience pour cr\u00e9er l\u2019itin\u00e9raire parfait pour vous.<\/p>\n<p>Des incontournables aux joyaux cach\u00e9s, en passant par tout ce qui se trouve entre les deux, nous connaissons la destination sur le bout des doigts et nous nous ferons un plaisir de vous emmener l\u2019explorer\u2026<\/p><\/div>\n\t\t\t\t\t\t\t\t\t\t\t<div class=\"tb-buttons-part\">\n\t\t\t\t\t\t\t\t\t\t\t\t\t\t\t\t\t<\/div>\n\t\t\t\t<\/div>\n\t\t\t<\/div>\n\t\t\t<div class=\"tb-column\">\n\t\t\t\t\t\t\t\t\t\t\t\t\t\t\t<div class=\"tb-image-part\">\n\t\t\t\t\t\t\t<img src='https:\/\/sn.staging.travelblox.eu\/wp-content\/uploads\/sites\/40\/2025\/11\/lou-goetzmann-2lCfdJFojHE-unsplash-1-scaled-e1762424296728-768x931.jpg' width='768' height='931' loading='lazy' image_size='medium_large'>\t\t\t\t\t\t<\/div>\n\t\t\t\t\t\t\t\t\t\t\t\t<\/div>\n\t\t<\/div>\n\t<\/div>\n<\/div>\n\n\n<div class=\" tb-textimage2 tb-block align-left background-light pattern-none variant-image_first tb-collapsible-margins\" id=\"textimage2-1\">\n\t<div class=\"inner-block tb-fade-in\">\n\n\t\t\n\t\t<div class=\"tb-columns\">\n\t\t\t<div class=\"tb-column\">\n\t\t\t\t<div class=\"tb-text-part\">\n\t\t\t\t\t<h2>Notre engagement<\/h2>\n\t\t\t\t\t\t\t<div class=\"translation-block\"><p>Nous croyons au <strong>voyage responsable<\/strong>. C&rsquo;est pourquoi nous travaillons avec des partenaires locaux, proposons des options de compensation carbone via Greentripper, et encourageons des pratiques respectueuses de l&rsquo;environnement tout au long du voyage.<\/p>\n<p>Nous sommes aussi <strong>transparents<\/strong> sur nos prix. Pas de frais cach\u00e9s, pas de mauvaises surprises. Ce que vous voyez, c&rsquo;est ce que vous payez.<\/p>\n<p>D\u00e9couvrez <a href=\"https:\/\/travelbase.fr\/durabilite\/\" target=\"_blank\" rel=\"noopener\">toutes les initiatives de Travelbase<\/a>.<\/p><\/div>\n\t\t\t\t\t\t\t\t\t\t\t<div class=\"tb-buttons-part\">\n\t\t\t\t\t\t\t\t\t\t\t\t\t\t\t\t\t<\/div>\n\t\t\t\t<\/div>\n\t\t\t<\/div>\n\t\t\t<div class=\"tb-column\">\n\t\t\t\t\t\t\t\t\t\t\t\t\t\t\t<div class=\"tb-image-part\">\n\t\t\t\t\t\t\t<img src='https:\/\/sn.staging.travelblox.eu\/wp-content\/uploads\/sites\/40\/2023\/07\/sn20230730-768x509.jpg' width='768' height='509' loading='lazy' image_size='medium_large'>\t\t\t\t\t\t<\/div>\n\t\t\t\t\t\t\t\t\t\t\t\t<\/div>\n\t\t<\/div>\n\t<\/div>\n<\/div>\n\n\n<div class=\" tb-team tb-block align-center background-dark pattern-none variant-none tb-collapsible-margins\" id=\"team\">\n\t<div class=\"inner-block tb-fade-in tb-fade-in--subtle\">\n\t\t<div class=\"text-part\">\n\t\t\t<h2>Une \u00e9quipe passionn\u00e9e \u00e0 votre service<\/h2>\n\t\t\t\t\t<div class=\"translation-block\"><p>Curieux de d\u00e9couvrir les visages derri\u00e8re ce road trip ? Voici nos experts de voyage !<\/p><\/div>\n\t\t\t<\/div>\n\t<\/div>\n\t\t\t\t\t<div class=\"inner-block-full-width has-tb-carousel \" >\n\t\t\t<div class=\"tb-carousel-container\">\n\t\t\t\t<div class=\"entries tb-cards\" data-slider-first=\"1\">\n\t\t\t\t\t\t\t\t\t<div class=\"tb-card entry\" style=\"background-image: url('https:\/\/sn.staging.travelblox.eu\/wp-content\/uploads\/sites\/40\/2025\/09\/Nordic-Nomads-team-pictures-4-819x1024.jpg')\">\n\t\t\t\t<label for=\"tb-team-read-more-block_s40__p1988__team-0\" class=\"tb-team__card-label\">\n\t\t\t\t\t<div class=\"overlay\"><\/div>\n\t\t\t\t\t<div class=\"overlay overlay--extra\"><\/div>\n\t\t\t\t\t<div class=\"content\">\n\t\t\t\t\t\t<div class=\"tb-team__card-titles\">\n\t\t\t\t\t\t\t<h3>Claudia<\/h3>\n\t\t\t\t\t\t\t\t\t\t\t\t\t\t\t<p>organise votre trips<\/p>\n\t\t\t\t\t\t\t\t\t\t\t\t\t<\/div>\n\t\t\t\t\t\t\t\t\t\t\t<\/div>\n\t\t\t\t\t<input type=\"checkbox\" class=\"tb-team__card-checkbox\" id=\"tb-team-read-more-block_s40__p1988__team-0\">\n\t\t\t\t<\/label>\n\t\t\t<\/div>\n\t\t\t\t\t<div class=\"tb-card entry\" style=\"background-image: url('https:\/\/sn.staging.travelblox.eu\/wp-content\/uploads\/sites\/40\/2025\/09\/Picture_Lara-copy-768x1024.jpg')\">\n\t\t\t\t<label for=\"tb-team-read-more-block_s40__p1988__team-1\" class=\"tb-team__card-label\">\n\t\t\t\t\t<div class=\"overlay\"><\/div>\n\t\t\t\t\t<div class=\"overlay overlay--extra\"><\/div>\n\t\t\t\t\t<div class=\"content\">\n\t\t\t\t\t\t<div class=\"tb-team__card-titles\">\n\t\t\t\t\t\t\t<h3>Lara<\/h3>\n\t\t\t\t\t\t\t\t\t\t\t\t\t\t\t<p>s&rsquo;occupe du marketing<\/p>\n\t\t\t\t\t\t\t\t\t\t\t\t\t<\/div>\n\t\t\t\t\t\t\t\t\t\t\t<\/div>\n\t\t\t\t\t<input type=\"checkbox\" class=\"tb-team__card-checkbox\" id=\"tb-team-read-more-block_s40__p1988__team-1\">\n\t\t\t\t<\/label>\n\t\t\t<\/div>\n\t\t\t\t\t<div class=\"tb-card entry\" style=\"background-image: url('https:\/\/sn.staging.travelblox.eu\/wp-content\/uploads\/sites\/40\/2025\/08\/Fanny-819x1024.jpg')\">\n\t\t\t\t<label for=\"tb-team-read-more-block_s40__p1988__team-2\" class=\"tb-team__card-label\">\n\t\t\t\t\t<div class=\"overlay\"><\/div>\n\t\t\t\t\t<div class=\"overlay overlay--extra\"><\/div>\n\t\t\t\t\t<div class=\"content\">\n\t\t\t\t\t\t<div class=\"tb-team__card-titles\">\n\t\t\t\t\t\t\t<h3>Fanny<\/h3>\n\t\t\t\t\t\t\t\t\t\t\t\t\t\t\t<p>r\u00e9pond \u00e0 vos questions<\/p>\n\t\t\t\t\t\t\t\t\t\t\t\t\t<\/div>\n\t\t\t\t\t\t\t\t\t\t\t<\/div>\n\t\t\t\t\t<input type=\"checkbox\" class=\"tb-team__card-checkbox\" id=\"tb-team-read-more-block_s40__p1988__team-2\">\n\t\t\t\t<\/label>\n\t\t\t<\/div>\n\t\t\t\t\t<div class=\"tb-card entry\" style=\"background-image: url('https:\/\/sn.staging.travelblox.eu\/wp-content\/uploads\/sites\/40\/2025\/09\/SOPHIE-fade-819x1024.jpg')\">\n\t\t\t\t<label for=\"tb-team-read-more-block_s40__p1988__team-3\" class=\"tb-team__card-label\">\n\t\t\t\t\t<div class=\"overlay\"><\/div>\n\t\t\t\t\t<div class=\"overlay overlay--extra\"><\/div>\n\t\t\t\t\t<div class=\"content\">\n\t\t\t\t\t\t<div class=\"tb-team__card-titles\">\n\t\t\t\t\t\t\t<h3>Sophie<\/h3>\n\t\t\t\t\t\t\t\t\t\t\t\t\t\t\t<p>r\u00e9pond \u00e0 vos questions<\/p>\n\t\t\t\t\t\t\t\t\t\t\t\t\t<\/div>\n\t\t\t\t\t\t\t\t\t\t\t<\/div>\n\t\t\t\t\t<input type=\"checkbox\" class=\"tb-team__card-checkbox\" id=\"tb-team-read-more-block_s40__p1988__team-3\">\n\t\t\t\t<\/label>\n\t\t\t<\/div>\n\t\t\t\t\t<div class=\"tb-card entry\" style=\"background-image: url('https:\/\/sn.staging.travelblox.eu\/wp-content\/uploads\/sites\/40\/2025\/09\/3-1-819x1024.jpg')\">\n\t\t\t\t<label for=\"tb-team-read-more-block_s40__p1988__team-4\" class=\"tb-team__card-label\">\n\t\t\t\t\t<div class=\"overlay\"><\/div>\n\t\t\t\t\t<div class=\"overlay overlay--extra\"><\/div>\n\t\t\t\t\t<div class=\"content\">\n\t\t\t\t\t\t<div class=\"tb-team__card-titles\">\n\t\t\t\t\t\t\t<h3>Julie<\/h3>\n\t\t\t\t\t\t\t\t\t\t\t\t\t\t\t<p>r\u00e9pond \u00e0 vos questions<\/p>\n\t\t\t\t\t\t\t\t\t\t\t\t\t<\/div>\n\t\t\t\t\t\t\t\t\t\t\t<\/div>\n\t\t\t\t\t<input type=\"checkbox\" class=\"tb-team__card-checkbox\" id=\"tb-team-read-more-block_s40__p1988__team-4\">\n\t\t\t\t<\/label>\n\t\t\t<\/div>\n\t\t\t\t\t\t\t\t<\/div>\n\t\t\t\t\t\t<div class=\"tb-carousel-nav\">\n\t\t\t<div class=\"dots\">\n\t\t\t\t<div class=\"dot active\"><\/div>\n\t\t\t\t<div class=\"dot\"><\/div>\n\t\t\t\t<div class=\"dot\"><\/div>\n\t\t\t<\/div>\n\t\t\t<div class=\"arrows\">\n\t\t\t\t<div class=\"prev disabled\">\n\t\t\t\t\t<span><i class=\"fa fa-chevron-left\"><\/i><\/span>\n\t\t\t\t<\/div>\n\t\t\t\t<div class=\"next\">\n\t\t\t\t\t<span><i class=\"fa fa-chevron-right\"><\/i><\/span>\n\t\t\t\t<\/div>\n\t\t\t<\/div>\n\t\t<\/div>\n\t\t\t\t<\/div>\n\t\t<\/div>\n\t\t\t\t\t<div class=\"tb-team__extra inner-block tb-fade-in tb-fade-in--subtle\">\n\t\t\t<div class=\"text-part\">\n\t\t\t\t<h3>Une question \u00e0 propos de votre voyage ?<\/h3>\n\t\t\t\t\t\t<div class=\"translation-block\"><p>N&rsquo;h\u00e9sitez pas \u00e0 <a href=\"https:\/\/scotlandnomads.com\/fr\/contact\/\">nous contacter<\/a>, nous serons ravis de vous aider.<\/p><\/div>\n\t\t\t\t\t<div class=\"tb-buttons-part\">\n\t\t\t\t\t\t\t\t\t<\/div>\n\t\t\t<\/div>\n\t\t<\/div>\n\t<\/div>\n\n\n<div class=\" tb-reviewroll tb-block align-center background-light pattern-none variant-none tb-collapsible-margins\" id=\"reviews\">\n\t\t<div class=\"inner-block tb-fade-in tb-fade-in--subtle\">\n\t\t<div class=\"text-part\">\n\t\t\t<h2>Ils en parlent mieux que nous<\/h2>\n\t\t<\/div>\n\n\t\t<div class=\"average-reviews-wrapper\" data-embed-social-id=\"94c3732652d26513fe0306d4d8ffe783d1dbc212\" data-reviews-redirect-url=\"\">\n\t\t<\/div>\n\t<\/div>\n\t<div class=\"inner-block-full-width has-tb-carousel\">\n\t\t<!-- <div class=\"inner-block tb-fade-in tb-fade-in--subtle\"> -->\n\n\t\t<div class=\"reviews-wrapper\" data-embed-social-id=\"94c3732652d26513fe0306d4d8ffe783d1dbc212\" data-per-page=\"10\" data-type-code=\"travelbase\"\">\n\t\t\t<div class=\" tb-ajax-loader\">\n\t\t<\/div>\n\t<\/div>\n\n\t<!-- <\/div> -->\n<\/div>\n<\/div>\n\n\n<div class=\" tb-leadtext tb-block align-center background-light pattern-default variant-none tb-collapsible-margins\" id=\"leadtext-1\">\n\t<div class=\"inner-block tb-fade-in tb-fade-in--subtle\">\n\t\t<div class=\"text-part\">\n\t\t\t\t\t<div class=\"translation-block\"><p><strong>Rejoignez l&rsquo;aventure<\/strong><\/p>\n<p>Que vous soyez en couple, en famille ou entre amis, notre road trip Scotland Nomads est fait pour vous. Plus de 50 000 voyageurs nous ont d\u00e9j\u00e0 fait confiance \u00e0 travers le monde. Pr\u00eat\u00b7e \u00e0 vivre votre propre aventure canadienne ?<\/p><\/div>\n\t\t\t<\/div>\n\t<\/div>\n<\/div>\n\n\n\n\n\n\n\n\n\n\n\n\n","protected":false},"excerpt":{"rendered":"","protected":false},"author":130,"featured_media":1224,"parent":0,"menu_order":0,"comment_status":"closed","ping_status":"closed","template":"","meta":{"_acf_changed":false,"inline_featured_image":false,"footnotes":""},"class_list":["post-1988","page","type-page","status-publish","has-post-thumbnail","hentry"],"acf":{"page_package_ids":"","is_main_package_page":false,"additional_linked_packages":[],"feed_page_to_atlas":true},"_links":{"self":[{"href":"https:\/\/sn.staging.travelblox.eu\/fr\/wp-json\/wp\/v2\/pages\/1988","targetHints":{"allow":["GET"]}}],"collection":[{"href":"https:\/\/sn.staging.travelblox.eu\/fr\/wp-json\/wp\/v2\/pages"}],"about":[{"href":"https:\/\/sn.staging.travelblox.eu\/fr\/wp-json\/wp\/v2\/types\/page"}],"author":[{"embeddable":true,"href":"https:\/\/sn.staging.travelblox.eu\/fr\/wp-json\/wp\/v2\/users\/130"}],"replies":[{"embeddable":true,"href":"https:\/\/sn.staging.travelblox.eu\/fr\/wp-json\/wp\/v2\/comments?post=1988"}],"version-history":[{"count":45,"href":"https:\/\/sn.staging.travelblox.eu\/fr\/wp-json\/wp\/v2\/pages\/1988\/revisions"}],"predecessor-version":[{"id":3138,"href":"https:\/\/sn.staging.travelblox.eu\/fr\/wp-json\/wp\/v2\/pages\/1988\/revisions\/3138"}],"wp:featuredmedia":[{"embeddable":true,"href":"https:\/\/sn.staging.travelblox.eu\/fr\/wp-json\/wp\/v2\/media\/1224"}],"wp:attachment":[{"href":"https:\/\/sn.staging.travelblox.eu\/fr\/wp-json\/wp\/v2\/media?parent=1988"}],"curies":[{"name":"wp","href":"https:\/\/api.w.org\/{rel}","templated":true}]}}