{"id":1988,"date":"2025-09-17T07:36:57","date_gmt":"2025-09-17T07:36:57","guid":{"rendered":"https:\/\/sn.travelblox.eu\/?page_id=1988"},"modified":"2026-03-30T09:49:53","modified_gmt":"2026-03-30T09:49:53","slug":"uber-uns","status":"publish","type":"page","link":"https:\/\/sn.staging.travelblox.eu\/de\/uber-uns\/","title":{"rendered":"\u00dcber Scotland Nomads"},"content":{"rendered":"<div class=\"tb-header tb-block align-center background-dark pattern-none variant-none\" id=\"header\" data-fallback-background=\"https:\/\/sn.staging.travelblox.eu\/wp-content\/uploads\/sites\/40\/2025\/11\/SN26-Images-15.jpg\" style=\"background-image: url('https:\/\/sn.staging.travelblox.eu\/wp-content\/uploads\/sites\/40\/2025\/11\/SN26-Images-15.jpg'); background-position:;\">\n    <div class=\"tb-header-foreground\">\n        <div class=\"inner-block\">\n\n            <div class=\"main-part\">\n                <div class=\"text-part\">\n                                                                <h1 class=\"tb-title\">\u00dcber uns<\/h1>\n                                                                                                                                                                        <div class=\"average-reviews-wrapper\" data-reviews-redirect-url=\"\" data-embed-social-id=\"b0ff53b6da69c89beca10ef7bb76aa0ece1708fa\"><\/div>\n                                    <\/div>\n            <\/div>\n            \n                    <\/div>\n    <\/div>\n\n    \n    \n        <nav class=\"tb-header__subnav\">\n            <div class=\"inner-block\">\n                <div class=\"tb-header__pagename\">\n                    \u00dcber Scotland Nomads                <\/div>\n\n                <ul>\n                                            <li>\n                            <a href=\"#canada\">Le road trip<\/a>\n                        <\/li>\n\n                                            <li>\n                            <a href=\"#team\">L\u2019\u00e9quipe<\/a>\n                        <\/li>\n\n                                            <li>\n                            <a href=\"#reviews\">Die Bewertungen<\/a>\n                        <\/li>\n\n                    \n                                                <li class=\"tb-header__subnav_cta\">\n                                <a href=\"https:\/\/canadanomads.com\/fr\/#join\" class=\"tb-button\" >Roadtrip buchen<\/a>\n                            <\/li>\n                                    <\/ul>\n            <\/div>\n        <\/nav>\n\n    \n<\/div>\n\n\n<div class=\"tb-leadtext tb-block align-center background-light pattern-default variant-none tb-collapsible-margins\" id=\"leadtext\">\n\t<div class=\"inner-block tb-fade-in tb-fade-in--subtle\">\n\t\t<div class=\"text-part\">\n\t\t\t\t\t<div class=\"translation-block\"><p>Scotland Nomads geh\u00f6rt zur Familie <a href=\"https:\/\/travelbase.fr\/\" target=\"_blank\" rel=\"noopener\"><strong>Travelbase<\/strong><\/a>, einem Spezialisten f\u00fcr einzigartige Reisen rund um die Welt. Seit 2010 kreieren wir ma\u00dfgeschneiderte Abenteuer, die Freiheit, Natur und authentische Entdeckungen vereinen.<\/p>\n<p><strong>Unsere Mission?<\/strong> Das Abenteuer f\u00fcr alle zug\u00e4nglich zu machen. Wir wissen, dass die Planung eines Roadtrips in Schottland komplex erscheinen kann: die besten Campingpl\u00e4tze finden, die ideale Route planen, die Aktivit\u00e4ten zum besten Preis buchen, die Must-See-Spots entdecken... Genau hier kommen wir ins Spiel.<\/p>\n<p>Wir selbst fahren jeden Kilometer unserer Routen. Wir testen die Campingpl\u00e4tze, verhandeln die Preise und identifizieren die besten Zeiten, um jeden Ort zu besuchen. Das Ergebnis? <strong>Ein<\/strong> <strong>perfekt organisierter Roadtrip<\/strong>, bei dem Sie nur fahren und genie\u00dfen m\u00fcssen.<\/p>\n<p>Sie reisen in v\u00f6lliger Autonomie, in Ihrem eigenen Tempo, aber mit der Sicherheit einer erprobten Route und der Unterst\u00fctzung des Teams, falls n\u00f6tig.<\/p><\/div>\n\t\t\t<\/div>\n\t<\/div>\n<\/div>\n\n\n\n<div class=\"tb-textimage2 tb-block align-left background-light pattern-none variant-text_first tb-collapsible-margins\" id=\"canada\">\n\t<div class=\"inner-block tb-fade-in\">\n\n\t\t\n\t\t<div class=\"tb-columns\">\n\t\t\t<div class=\"tb-column\">\n\t\t\t\t<div class=\"tb-text-part\">\n\t\t\t\t\t<h2>Warum Schottland?<\/h2>\n\t\t\t\t\t\t\t<div class=\"translation-block\"><p>Scotland Nomads ist ein unvergessliches Abenteuer von <a href=\"https:\/\/scotlandnomads.com\/fr\/\">7 Tagen<\/a>, sorgf\u00e4ltig zusammengestellt von&nbsp;<strong>einem Team aus Reisenden, Abenteurern und leidenschaftlichen Einheimischen<\/strong>, die alle eines gemeinsam haben: eine unbestreitbare Liebe zu Schottland. Wir haben unsere Erfahrungen geb\u00fcndelt, um die perfekte Reiseroute f\u00fcr dich zu erstellen.<\/p>\n<p>Von den Highlights bis zu versteckten Juwelen und allem dazwischen kennen wir das Ziel in- und auswendig und freuen uns darauf, dich auf die Erkundung mitzunehmen\u2026<\/p><\/div>\n\t\t\t\t\t\t\t\t\t\t\t<div class=\"tb-buttons-part\">\n\t\t\t\t\t\t\t\t\t\t\t\t\t\t\t\t\t<\/div>\n\t\t\t\t<\/div>\n\t\t\t<\/div>\n\t\t\t<div class=\"tb-column\">\n\t\t\t\t\t\t\t\t\t\t\t\t\t\t\t<div class=\"tb-image-part\">\n\t\t\t\t\t\t\t<img src='https:\/\/sn.staging.travelblox.eu\/wp-content\/uploads\/sites\/40\/2025\/11\/lou-goetzmann-2lCfdJFojHE-unsplash-1-scaled-e1762424296728-768x931.jpg' width='768' height='931' loading='lazy' image_size='medium_large'>\t\t\t\t\t\t<\/div>\n\t\t\t\t\t\t\t\t\t\t\t\t<\/div>\n\t\t<\/div>\n\t<\/div>\n<\/div>\n\n\n<div class=\"tb-textimage2 tb-block align-left background-light pattern-none variant-image_first tb-collapsible-margins\" id=\"textimage2-1\">\n\t<div class=\"inner-block tb-fade-in\">\n\n\t\t\n\t\t<div class=\"tb-columns\">\n\t\t\t<div class=\"tb-column\">\n\t\t\t\t<div class=\"tb-text-part\">\n\t\t\t\t\t<h2>Unser Engagement<\/h2>\n\t\t\t\t\t\t\t<div class=\"translation-block\"><p>Wir glauben an <strong>verantwortungsvolles Reisen<\/strong>. Deshalb arbeiten wir mit lokalen Partnern zusammen, bieten CO2-Kompensationsoptionen \u00fcber Greentripper an und f\u00f6rdern umweltfreundliche Praktiken w\u00e4hrend der gesamten Reise.<\/p>\n<p>Wir sind auch <strong>transparent<\/strong> bei unseren Preisen. Keine versteckten Geb\u00fchren, keine b\u00f6sen \u00dcberraschungen. Was Sie sehen, ist das, was Sie bezahlen.<\/p>\n<p>Entdecken Sie <a href=\"https:\/\/travelbase.fr\/durabilite\/\" target=\"_blank\" rel=\"noopener\">alle Initiativen von Travelbase<\/a>.<\/p><\/div>\n\t\t\t\t\t\t\t\t\t\t\t<div class=\"tb-buttons-part\">\n\t\t\t\t\t\t\t\t\t\t\t\t\t\t\t\t\t<\/div>\n\t\t\t\t<\/div>\n\t\t\t<\/div>\n\t\t\t<div class=\"tb-column\">\n\t\t\t\t\t\t\t\t\t\t\t\t\t\t\t<div class=\"tb-image-part\">\n\t\t\t\t\t\t\t<img src='https:\/\/sn.staging.travelblox.eu\/wp-content\/uploads\/sites\/40\/2023\/07\/sn20230730-768x509.jpg' width='768' height='509' loading='lazy' image_size='medium_large'>\t\t\t\t\t\t<\/div>\n\t\t\t\t\t\t\t\t\t\t\t\t<\/div>\n\t\t<\/div>\n\t<\/div>\n<\/div>\n\n\n<div class=\"tb-team tb-block align-center background-dark pattern-none variant-none tb-collapsible-margins\" id=\"team\">\n\t<div class=\"inner-block tb-fade-in tb-fade-in--subtle\">\n\t\t<div class=\"text-part\">\n\t\t\t<h2>Ein begeistertes Team zu Ihren Diensten<\/h2>\n\t\t\t\t\t<div class=\"translation-block\"><p>Neugierig, die Gesichter hinter dem Team der Scotland Nomads kennenzulernen? Erfahre mehr \u00fcber jeden unserer Reiseexperten.<\/p><\/div>\n\t\t\t<\/div>\n\t<\/div>\n\t\t\t\t\t<div class=\"inner-block-full-width has-tb-carousel\" >\n\t\t\t<div class=\"tb-carousel-container\">\n\t\t\t\t<div class=\"entries tb-cards\" data-slider-first=\"1\">\n\t\t\t\t\t\t\t\t\t<div class=\"tb-card entry\" style=\"background-image: url('https:\/\/sn.staging.travelblox.eu\/wp-content\/uploads\/sites\/40\/2025\/09\/Nordic-Nomads-team-pictures-4-819x1024.jpg')\">\n\t\t\t\t<label for=\"tb-team-read-more-block_s40__p1988__team-0\" class=\"tb-team__card-label\">\n\t\t\t\t\t<div class=\"overlay\"><\/div>\n\t\t\t\t\t<div class=\"overlay overlay--extra\"><\/div>\n\t\t\t\t\t<div class=\"content\">\n\t\t\t\t\t\t<div class=\"tb-team__card-titles\">\n\t\t\t\t\t\t\t<h3>Claudia<\/h3>\n\t\t\t\t\t\t\t\t\t\t\t\t\t\t\t<p>beantwortet all deine Fragen<\/p>\n\t\t\t\t\t\t\t\t\t\t\t\t\t<\/div>\n\t\t\t\t\t\t\t\t\t\t\t<\/div>\n\t\t\t\t\t<input type=\"checkbox\" class=\"tb-team__card-checkbox\" id=\"tb-team-read-more-block_s40__p1988__team-0\">\n\t\t\t\t<\/label>\n\t\t\t<\/div>\n\t\t\t\t\t<div class=\"tb-card entry\" style=\"background-image: url('https:\/\/sn.staging.travelblox.eu\/wp-content\/uploads\/sites\/40\/2025\/09\/Picture_Lara-copy-768x1024.jpg')\">\n\t\t\t\t<label for=\"tb-team-read-more-block_s40__p1988__team-1\" class=\"tb-team__card-label\">\n\t\t\t\t\t<div class=\"overlay\"><\/div>\n\t\t\t\t\t<div class=\"overlay overlay--extra\"><\/div>\n\t\t\t\t\t<div class=\"content\">\n\t\t\t\t\t\t<div class=\"tb-team__card-titles\">\n\t\t\t\t\t\t\t<h3>Lara<\/h3>\n\t\t\t\t\t\t\t\t\t\t\t\t\t\t\t<p>sorgt f\u00fcr das Marketing<\/p>\n\t\t\t\t\t\t\t\t\t\t\t\t\t<\/div>\n\t\t\t\t\t\t\t\t\t\t\t<\/div>\n\t\t\t\t\t<input type=\"checkbox\" class=\"tb-team__card-checkbox\" id=\"tb-team-read-more-block_s40__p1988__team-1\">\n\t\t\t\t<\/label>\n\t\t\t<\/div>\n\t\t\t\t\t<div class=\"tb-card entry\" style=\"background-image: url('https:\/\/sn.staging.travelblox.eu\/wp-content\/uploads\/sites\/40\/2025\/08\/Fanny-819x1024.jpg')\">\n\t\t\t\t<label for=\"tb-team-read-more-block_s40__p1988__team-2\" class=\"tb-team__card-label\">\n\t\t\t\t\t<div class=\"overlay\"><\/div>\n\t\t\t\t\t<div class=\"overlay overlay--extra\"><\/div>\n\t\t\t\t\t<div class=\"content\">\n\t\t\t\t\t\t<div class=\"tb-team__card-titles\">\n\t\t\t\t\t\t\t<h3>Fanny<\/h3>\n\t\t\t\t\t\t\t\t\t\t\t\t\t\t\t<p>beantwortet all deine Fragen<\/p>\n\t\t\t\t\t\t\t\t\t\t\t\t\t<\/div>\n\t\t\t\t\t\t\t\t\t\t\t<\/div>\n\t\t\t\t\t<input type=\"checkbox\" class=\"tb-team__card-checkbox\" id=\"tb-team-read-more-block_s40__p1988__team-2\">\n\t\t\t\t<\/label>\n\t\t\t<\/div>\n\t\t\t\t\t<div class=\"tb-card entry\" style=\"background-image: url('https:\/\/sn.staging.travelblox.eu\/wp-content\/uploads\/sites\/40\/2025\/09\/SOPHIE-fade-819x1024.jpg')\">\n\t\t\t\t<label for=\"tb-team-read-more-block_s40__p1988__team-3\" class=\"tb-team__card-label\">\n\t\t\t\t\t<div class=\"overlay\"><\/div>\n\t\t\t\t\t<div class=\"overlay overlay--extra\"><\/div>\n\t\t\t\t\t<div class=\"content\">\n\t\t\t\t\t\t<div class=\"tb-team__card-titles\">\n\t\t\t\t\t\t\t<h3>Sophie<\/h3>\n\t\t\t\t\t\t\t\t\t\t\t\t\t\t\t<p>beantwortet all deine Fragen<\/p>\n\t\t\t\t\t\t\t\t\t\t\t\t\t<\/div>\n\t\t\t\t\t\t\t\t\t\t\t<\/div>\n\t\t\t\t\t<input type=\"checkbox\" class=\"tb-team__card-checkbox\" id=\"tb-team-read-more-block_s40__p1988__team-3\">\n\t\t\t\t<\/label>\n\t\t\t<\/div>\n\t\t\t\t\t<div class=\"tb-card entry\" style=\"background-image: url('https:\/\/sn.staging.travelblox.eu\/wp-content\/uploads\/sites\/40\/2025\/09\/3-1-819x1024.jpg')\">\n\t\t\t\t<label for=\"tb-team-read-more-block_s40__p1988__team-4\" class=\"tb-team__card-label\">\n\t\t\t\t\t<div class=\"overlay\"><\/div>\n\t\t\t\t\t<div class=\"overlay overlay--extra\"><\/div>\n\t\t\t\t\t<div class=\"content\">\n\t\t\t\t\t\t<div class=\"tb-team__card-titles\">\n\t\t\t\t\t\t\t<h3>Julie<\/h3>\n\t\t\t\t\t\t\t\t\t\t\t\t\t\t\t<p>beantwortet all deine Fragen<\/p>\n\t\t\t\t\t\t\t\t\t\t\t\t\t<\/div>\n\t\t\t\t\t\t\t\t\t\t\t<\/div>\n\t\t\t\t\t<input type=\"checkbox\" class=\"tb-team__card-checkbox\" id=\"tb-team-read-more-block_s40__p1988__team-4\">\n\t\t\t\t<\/label>\n\t\t\t<\/div>\n\t\t\t\t\t\t\t\t<\/div>\n\t\t\t\t\t\t<div class=\"tb-carousel-nav\">\n\t\t\t<div class=\"dots\">\n\t\t\t\t<div class=\"dot active\"><\/div>\n\t\t\t\t<div class=\"dot\"><\/div>\n\t\t\t\t<div class=\"dot\"><\/div>\n\t\t\t<\/div>\n\t\t\t<div class=\"arrows\">\n\t\t\t\t<div class=\"prev disabled\">\n\t\t\t\t\t<span><i class=\"fa fa-chevron-left\"><\/i><\/span>\n\t\t\t\t<\/div>\n\t\t\t\t<div class=\"next\">\n\t\t\t\t\t<span><i class=\"fa fa-chevron-right\"><\/i><\/span>\n\t\t\t\t<\/div>\n\t\t\t<\/div>\n\t\t<\/div>\n\t\t\t\t<\/div>\n\t\t<\/div>\n\t\t\t\t\t<div class=\"tb-team__extra inner-block tb-fade-in tb-fade-in--subtle\">\n\t\t\t<div class=\"text-part\">\n\t\t\t\t<h3>Eine Frage zu deiner Reise?<\/h3>\n\t\t\t\t\t\t<div class=\"translation-block\"><p>Z\u00f6gere nicht, uns eine <a href=\"mailto:info@scotlandnomads.com\" target=\"_blank\">E-Mail<\/a> zu senden, wir helfen dir gerne weiter.<\/p><\/div>\n\t\t\t\t\t<div class=\"tb-buttons-part\">\n\t\t\t\t\t\t\t\t\t<\/div>\n\t\t\t<\/div>\n\t\t<\/div>\n\t<\/div>\n\n\n<div class=\"tb-reviewroll tb-block align-center background-light pattern-none variant-none tb-collapsible-margins\" id=\"reviews\">\n\t\t<div class=\"inner-block tb-fade-in tb-fade-in--subtle\">\n\t\t<div class=\"text-part\">\n\t\t\t<h2>Sie sprechen besser dar\u00fcber als wir.<\/h2>\n\t\t<\/div>\n\n\t\t<div class=\"average-reviews-wrapper\" data-embed-social-id=\"94c3732652d26513fe0306d4d8ffe783d1dbc212\" data-reviews-redirect-url=\"\">\n\t\t<\/div>\n\t<\/div>\n\t<div class=\"inner-block-full-width has-tb-carousel\">\n\t\t<!-- <div class=\"inner-block tb-fade-in tb-fade-in--subtle\"> -->\n\n\t\t<div class=\"reviews-wrapper\" data-embed-social-id=\"94c3732652d26513fe0306d4d8ffe783d1dbc212\" data-per-page=\"10\" data-type-code=\"travelbase\"\">\n\t\t\t<div class=\"tb-ajax-loader\">\n\t\t<\/div>\n\t<\/div>\n\n\t<!-- <\/div> -->\n<\/div>\n<\/div>\n\n\n<div class=\"tb-leadtext tb-block align-center background-light pattern-default variant-none tb-collapsible-margins\" id=\"leadtext-1\">\n\t<div class=\"inner-block tb-fade-in tb-fade-in--subtle\">\n\t\t<div class=\"text-part\">\n\t\t\t\t\t<div class=\"translation-block\"><p><strong>Schlie\u00dfe dich dem Abenteuer an<\/strong><\/p>\n<p>Egal, ob du als Paar, mit der Familie oder mit Freunden unterwegs bist, unser Roadtrip Scotland Nomads ist genau das Richtige f\u00fcr dich. \u00dcber 50.000 Reisende haben uns weltweit bereits ihr Vertrauen geschenkt. Bist du bereit, dein eigenes kanadisches Abenteuer zu erleben?<\/p><\/div>\n\t\t\t<\/div>\n\t<\/div>\n<\/div>\n\n\n\n\n\n\n\n\n\n<div class=\"tb-textimage2 tb-block align-left background-light pattern-none variant-text_first tb-collapsible-margins\" id=\"textimage2\">\n\t<div class=\"inner-block tb-fade-in\">\n\n\t\t\n\t\t<div class=\"tb-columns\">\n\t\t\t<div class=\"tb-column\">\n\t\t\t\t<div class=\"tb-text-part\">\n\t\t\t\t\t<h2>Annika und Mathias \u00fcber ihre Rundreise mit Scotland Nomads<\/h2>\n\t\t\t\t\t\t\t<div class=\"translation-block\"><p><a href=\"https:\/\/www.youtube.com\/watch?v=xogMQzyz2UY&amp;t=153s\" target=\"_blank\" rel=\"noopener\"><strong>Annika &amp; Mathias<\/strong><\/a> geben dir einen kompakten Vorgeschmack auf <strong>Scotland Nomads<\/strong>: Von den ersten Kilometern ab <strong>Edinburgh<\/strong> geht es hinein in die <strong>Highlands<\/strong>, zu glasklaren Seen, weiten T\u00e4lern und ikonischen Orten wie dem <strong>Glenfinnan Viadukt<\/strong>, <strong>Loch Ness<\/strong> oder dem <strong>Eilean Donan Castle<\/strong>.<\/p>\n<p>Ein besonderes Highlight ist die <strong>Isle of Skye<\/strong> mit ihren Fairy Pools, Portree und dem Old Man of Storr. Unterwegs wird gecampt \u2013 mal am Wasser, mal in den Bergen und im <strong>Cairngorms Nationalpark<\/strong> sogar ganz legal im Freien. Lust auf Fernweh? Dann schau rein.<\/p><\/div>\n\t\t\t\t\t\t\t\t\t\t\t<div class=\"tb-buttons-part\">\n\t\t\t\t\t\t\t\t<a href=\"https:\/\/www.youtube.com\/watch?v=xogMQzyz2UY&#038;t=153s\"  target=\"_blank\" class=\"tb-button\">\n\t\t\tSo k\u00f6nnte deine Reise aussehen.\t\t<\/a>\n\t\t\t\t\t\t\t\t\t\t\t\t\t<\/div>\n\t\t\t\t<\/div>\n\t\t\t<\/div>\n\t\t\t<div class=\"tb-column\">\n\t\t\t\t\t\t\t\t\t\t\t\t\t\t\t<div class=\"tb-video-part\">\n\t\t\t\t\t\t\t<iframe loading=\"lazy\" title=\"Abenteuer Schottland im Dachzelt: 8-t\u00e4gige Rundreise inklusive Isle of Skye, Glen Finnan, Tipps &amp; Tricks\" width=\"640\" height=\"360\" src=\"https:\/\/www.youtube.com\/embed\/xogMQzyz2UY?feature=oembed&#038;preload=false&#038;autoplay=false&#038;muted=false&#038;playsinline=true&#038;controls=true&#038;responsive=true&#038;controlsList=nodownload&#038;oncontextmenu=return false;\" frameborder=\"0\" allow=\"accelerometer; autoplay; clipboard-write; encrypted-media; gyroscope; picture-in-picture; web-share\" referrerpolicy=\"strict-origin-when-cross-origin\" allowfullscreen><\/iframe>\t\t\t\t\t\t<\/div>\n\t\t\t\t\t\t\t\t\t\t\t\t<\/div>\n\t\t<\/div>\n\t<\/div>\n<\/div>","protected":false},"excerpt":{"rendered":"","protected":false},"author":130,"featured_media":1224,"parent":0,"menu_order":0,"comment_status":"closed","ping_status":"closed","template":"","meta":{"_acf_changed":false,"inline_featured_image":false,"footnotes":""},"class_list":["post-1988","page","type-page","status-publish","has-post-thumbnail","hentry"],"acf":{"page_package_ids":"","is_main_package_page":false,"additional_linked_packages":[],"feed_page_to_atlas":true},"_links":{"self":[{"href":"https:\/\/sn.staging.travelblox.eu\/de\/wp-json\/wp\/v2\/pages\/1988","targetHints":{"allow":["GET"]}}],"collection":[{"href":"https:\/\/sn.staging.travelblox.eu\/de\/wp-json\/wp\/v2\/pages"}],"about":[{"href":"https:\/\/sn.staging.travelblox.eu\/de\/wp-json\/wp\/v2\/types\/page"}],"author":[{"embeddable":true,"href":"https:\/\/sn.staging.travelblox.eu\/de\/wp-json\/wp\/v2\/users\/130"}],"replies":[{"embeddable":true,"href":"https:\/\/sn.staging.travelblox.eu\/de\/wp-json\/wp\/v2\/comments?post=1988"}],"version-history":[{"count":45,"href":"https:\/\/sn.staging.travelblox.eu\/de\/wp-json\/wp\/v2\/pages\/1988\/revisions"}],"predecessor-version":[{"id":3138,"href":"https:\/\/sn.staging.travelblox.eu\/de\/wp-json\/wp\/v2\/pages\/1988\/revisions\/3138"}],"wp:featuredmedia":[{"embeddable":true,"href":"https:\/\/sn.staging.travelblox.eu\/de\/wp-json\/wp\/v2\/media\/1224"}],"wp:attachment":[{"href":"https:\/\/sn.staging.travelblox.eu\/de\/wp-json\/wp\/v2\/media?parent=1988"}],"curies":[{"name":"wp","href":"https:\/\/api.w.org\/{rel}","templated":true}]}}